{"id":1318,"date":"2017-07-03T23:36:44","date_gmt":"2017-07-03T21:36:44","guid":{"rendered":"https:\/\/www.letsflyproduction.com\/home\/"},"modified":"2025-11-18T16:41:48","modified_gmt":"2025-11-18T15:41:48","slug":"home","status":"publish","type":"page","link":"https:\/\/www.letsflyproduction.com\/en\/","title":{"rendered":"Home"},"content":{"rendered":"<p>T\u00e9l\u00e9-pilote enregistr\u00e9 \u00e0 la DGAC &#8211; DSAC, drone Inspire 3 homologu\u00e9 sc\u00e9nario S1 S2 S3 et EASA C5 pour STS-01, nous filmons en int\u00e9rieur ext\u00e9rieur jusqu&#8217;au format cin\u00e9ma 8K RAW !<\/p>\n","protected":false},"excerpt":{"rendered":"<p>T\u00e9l\u00e9-pilote enregistr\u00e9 \u00e0 la DGAC &#8211; DSAC, drone Inspire 3 homologu\u00e9 sc\u00e9nario S1 S2 S3 et EASA C5 pour STS-01, nous filmons en int\u00e9rieur ext\u00e9rieur jusqu&#8217;au format cin\u00e9ma 8K RAW !<\/p>\n","protected":false},"author":1,"featured_media":1319,"parent":0,"menu_order":0,"comment_status":"closed","ping_status":"closed","template":"","meta":{"footnotes":""},"class_list":["post-1318","page","type-page","status-publish","has-post-thumbnail","hentry"],"yoast_head":"<!-- This site is optimized with the Yoast SEO plugin v27.5 - https:\/\/yoast.com\/product\/yoast-seo-wordpress\/ -->\n<title>Prestation prises de vues a\u00e9riennes par drone, Lille, Hauts de France, Nord<\/title>\n<meta name=\"description\" content=\"Prestataire d\u2019images a\u00e9riennes de haute qualit\u00e9 par drone bas\u00e9 \u00e0 Lille, LET&#039;S FLY PRODUCTION fait prendre de la hauteur \u00e0 vos productions audiovisuelles !\" \/>\n<meta name=\"robots\" content=\"index, follow, max-snippet:-1, max-image-preview:large, max-video-preview:-1\" \/>\n<link rel=\"canonical\" href=\"https:\/\/www.letsflyproduction.com\/en\/\" \/>\n<meta property=\"og:locale\" content=\"en_US\" \/>\n<meta property=\"og:type\" content=\"article\" \/>\n<meta property=\"og:title\" content=\"Prestation prises de vues a\u00e9riennes par drone, Lille, Hauts de France, Nord\" \/>\n<meta property=\"og:description\" content=\"Prestataire d\u2019images a\u00e9riennes de haute qualit\u00e9 par drone bas\u00e9 \u00e0 Lille, LET&#039;S FLY PRODUCTION fait prendre de la hauteur \u00e0 vos productions audiovisuelles !\" \/>\n<meta property=\"og:url\" content=\"https:\/\/www.letsflyproduction.com\/en\/\" \/>\n<meta property=\"og:site_name\" content=\"LET&#039;S FLY ! [PRODUCTION] - Prestation photos et vid\u00e9os par drone - Lille - Nord - Hauts de France\" \/>\n<meta property=\"article:publisher\" content=\"https:\/\/facebook.com\/letsflyproduction\" \/>\n<meta property=\"article:modified_time\" content=\"2025-11-18T15:41:48+00:00\" \/>\n<meta property=\"og:image\" content=\"https:\/\/www.letsflyproduction.com\/wp-content\/uploads\/2017\/07\/DSC_9738-2.jpg\" \/>\n\t<meta property=\"og:image:width\" content=\"1000\" \/>\n\t<meta property=\"og:image:height\" content=\"422\" \/>\n\t<meta property=\"og:image:type\" content=\"image\/jpeg\" \/>\n<meta name=\"twitter:card\" content=\"summary_large_image\" \/>\n<meta name=\"twitter:site\" content=\"@letsflyprod\" \/>\n<meta name=\"twitter:label1\" content=\"Est. reading time\" \/>\n\t<meta name=\"twitter:data1\" content=\"1 minute\" \/>\n<!-- \/ Yoast SEO plugin. -->","yoast_head_json":{"title":"Prestation prises de vues a\u00e9riennes par drone, Lille, Hauts de France, Nord","description":"Prestataire d\u2019images a\u00e9riennes de haute qualit\u00e9 par drone bas\u00e9 \u00e0 Lille, LET'S FLY PRODUCTION fait prendre de la hauteur \u00e0 vos productions audiovisuelles !","robots":{"index":"index","follow":"follow","max-snippet":"max-snippet:-1","max-image-preview":"max-image-preview:large","max-video-preview":"max-video-preview:-1"},"canonical":"https:\/\/www.letsflyproduction.com\/en\/","og_locale":"en_US","og_type":"article","og_title":"Prestation prises de vues a\u00e9riennes par drone, Lille, Hauts de France, Nord","og_description":"Prestataire d\u2019images a\u00e9riennes de haute qualit\u00e9 par drone bas\u00e9 \u00e0 Lille, LET'S FLY PRODUCTION fait prendre de la hauteur \u00e0 vos productions audiovisuelles !","og_url":"https:\/\/www.letsflyproduction.com\/en\/","og_site_name":"LET&#039;S FLY ! [PRODUCTION] - Prestation photos et vid\u00e9os par drone - Lille - Nord - Hauts de France","article_publisher":"https:\/\/facebook.com\/letsflyproduction","article_modified_time":"2025-11-18T15:41:48+00:00","og_image":[{"width":1000,"height":422,"url":"https:\/\/www.letsflyproduction.com\/wp-content\/uploads\/2017\/07\/DSC_9738-2.jpg","type":"image\/jpeg"}],"twitter_card":"summary_large_image","twitter_site":"@letsflyprod","twitter_misc":{"Est. reading time":"1 minute"},"schema":{"@context":"https:\/\/schema.org","@graph":[{"@type":"WebPage","@id":"https:\/\/www.letsflyproduction.com\/en\/","url":"https:\/\/www.letsflyproduction.com\/en\/","name":"Prestation prises de vues a\u00e9riennes par drone, Lille, Hauts de France, Nord","isPartOf":{"@id":"https:\/\/www.letsflyproduction.com\/en\/#website"},"primaryImageOfPage":{"@id":"https:\/\/www.letsflyproduction.com\/en\/#primaryimage"},"image":{"@id":"https:\/\/www.letsflyproduction.com\/en\/#primaryimage"},"thumbnailUrl":"https:\/\/www.letsflyproduction.com\/wp-content\/uploads\/2017\/07\/DSC_9738-2.jpg","datePublished":"2017-07-03T21:36:44+00:00","dateModified":"2025-11-18T15:41:48+00:00","description":"Prestataire d\u2019images a\u00e9riennes de haute qualit\u00e9 par drone bas\u00e9 \u00e0 Lille, LET'S FLY PRODUCTION fait prendre de la hauteur \u00e0 vos productions audiovisuelles !","breadcrumb":{"@id":"https:\/\/www.letsflyproduction.com\/en\/#breadcrumb"},"inLanguage":"en-US","potentialAction":[{"@type":"ReadAction","target":["https:\/\/www.letsflyproduction.com\/en\/"]}]},{"@type":"ImageObject","inLanguage":"en-US","@id":"https:\/\/www.letsflyproduction.com\/en\/#primaryimage","url":"https:\/\/www.letsflyproduction.com\/wp-content\/uploads\/2017\/07\/DSC_9738-2.jpg","contentUrl":"https:\/\/www.letsflyproduction.com\/wp-content\/uploads\/2017\/07\/DSC_9738-2.jpg","width":1000,"height":422,"caption":"Let's Fly Production - Prestation photos & vid\u00e9os par drone"},{"@type":"BreadcrumbList","@id":"https:\/\/www.letsflyproduction.com\/en\/#breadcrumb","itemListElement":[{"@type":"ListItem","position":1,"name":"Accueil","item":"https:\/\/www.letsflyproduction.com\/en\/"},{"@type":"ListItem","position":2,"name":"Home"}]},{"@type":"WebSite","@id":"https:\/\/www.letsflyproduction.com\/en\/#website","url":"https:\/\/www.letsflyproduction.com\/en\/","name":"LET&#039;S FLY ! [PRODUCTION] - Prestation photos et vid\u00e9os par drone - Lille - Nord - Hauts de France","description":"Films,Documentaires, Reportages Cips, Images et Videos par drones","publisher":{"@id":"https:\/\/www.letsflyproduction.com\/en\/#organization"},"potentialAction":[{"@type":"SearchAction","target":{"@type":"EntryPoint","urlTemplate":"https:\/\/www.letsflyproduction.com\/en\/?s={search_term_string}"},"query-input":{"@type":"PropertyValueSpecification","valueRequired":true,"valueName":"search_term_string"}}],"inLanguage":"en-US"},{"@type":"Organization","@id":"https:\/\/www.letsflyproduction.com\/en\/#organization","name":"LET'S FLY PRODUCTION","url":"https:\/\/www.letsflyproduction.com\/en\/","logo":{"@type":"ImageObject","inLanguage":"en-US","@id":"https:\/\/www.letsflyproduction.com\/en\/#\/schema\/logo\/image\/","url":"https:\/\/www.letsflyproduction.com\/wp-content\/uploads\/2017\/12\/Logo-Lets-Fly-Production_Logo-couleur.png","contentUrl":"https:\/\/www.letsflyproduction.com\/wp-content\/uploads\/2017\/12\/Logo-Lets-Fly-Production_Logo-couleur.png","width":600,"height":227,"caption":"LET'S FLY PRODUCTION"},"image":{"@id":"https:\/\/www.letsflyproduction.com\/en\/#\/schema\/logo\/image\/"},"sameAs":["https:\/\/facebook.com\/letsflyproduction","https:\/\/x.com\/letsflyprod","https:\/\/instagram.com\/letsflyproduction","https:\/\/www.linkedin.com\/in\/abrzeski\/","https:\/\/www.youtube.com\/c\/LETSFLYPRODUCTION"]}]}},"_links":{"self":[{"href":"https:\/\/www.letsflyproduction.com\/en\/wp-json\/wp\/v2\/pages\/1318","targetHints":{"allow":["GET"]}}],"collection":[{"href":"https:\/\/www.letsflyproduction.com\/en\/wp-json\/wp\/v2\/pages"}],"about":[{"href":"https:\/\/www.letsflyproduction.com\/en\/wp-json\/wp\/v2\/types\/page"}],"author":[{"embeddable":true,"href":"https:\/\/www.letsflyproduction.com\/en\/wp-json\/wp\/v2\/users\/1"}],"replies":[{"embeddable":true,"href":"https:\/\/www.letsflyproduction.com\/en\/wp-json\/wp\/v2\/comments?post=1318"}],"version-history":[{"count":6,"href":"https:\/\/www.letsflyproduction.com\/en\/wp-json\/wp\/v2\/pages\/1318\/revisions"}],"predecessor-version":[{"id":2370,"href":"https:\/\/www.letsflyproduction.com\/en\/wp-json\/wp\/v2\/pages\/1318\/revisions\/2370"}],"wp:featuredmedia":[{"embeddable":true,"href":"https:\/\/www.letsflyproduction.com\/en\/wp-json\/wp\/v2\/media\/1319"}],"wp:attachment":[{"href":"https:\/\/www.letsflyproduction.com\/en\/wp-json\/wp\/v2\/media?parent=1318"}],"curies":[{"name":"wp","href":"https:\/\/api.w.org\/{rel}","templated":true}]}}